{"id":802,"date":"2025-02-27T07:46:46","date_gmt":"2025-02-27T06:46:46","guid":{"rendered":"https:\/\/africareloaded.xyz\/?page_id=802"},"modified":"2025-02-28T14:12:30","modified_gmt":"2025-02-28T13:12:30","slug":"les-editions","status":"publish","type":"page","link":"https:\/\/africareloaded.xyz\/?page_id=802","title":{"rendered":"\u00c9DITIONS"},"content":{"rendered":"<div id=\"fb-root\"><\/div>\n\n<p><strong>Africa Reloaded<\/strong>\u00a0est une plateforme m\u00e9diatique qui h\u00e9berge \u00e9galement ses propres \u00e9missions et \u00e9ditions,\u00a0<strong>D\u00e9coloniser les Esprits<\/strong>, avec la parution de sa premi\u00e8re collection :\u00a0<em><strong>Le Petit Manuel Africain de Guerre \u00c9conomique<\/strong><\/em>.<\/p>\n\n\n\n<h4 class=\"wp-block-heading\"><strong>Mais qu\u2019est-ce que cette collection ?<\/strong><\/h4>\n\n\n\n<p>L\u2019id\u00e9e d\u2019\u00e9crire une s\u00e9rie de livres sur le th\u00e8me de la guerre \u00e9conomique est n\u00e9e du podcast r\u00e9alis\u00e9 par <strong>Patrice Nzians\u00e9<\/strong>, intitul\u00e9<strong>\u00a0<em>Le Petit Trait\u00e9 Africain de Guerre \u00c9conomique<\/em><\/strong>. L\u2019objectif de cette collection est de graver les id\u00e9es et les propositions dans une s\u00e9rie d\u2019ouvrages qui permettront de comprendre les interactions entre le continent africain et le reste du monde.<\/p>\n\n\n\n<h4 class=\"wp-block-heading\"><strong>5 ouvrages d\u00e9j\u00e0 pens\u00e9s et entam\u00e9s<\/strong><\/h4>\n\n\n\n<p>Le premier tome achev\u00e9 est le\u00a0<strong>Tome 2 :\u00a0<em>Comprendre la Chine en Afrique<\/em><\/strong>. Initialement pr\u00e9vu comme un seul volume, cet ouvrage s&rsquo;est d\u00e9clin\u00e9 en une\u00a0<strong>trilogie<\/strong>\u00a0en raison de la richesse des informations collect\u00e9es et compil\u00e9es. Au total, pr\u00e8s de\u00a0<strong>1 500 pages<\/strong>\u00a0seront consacr\u00e9es \u00e0 analyser les actions de la Chine en Afrique depuis la cr\u00e9ation du\u00a0<strong>FOCAC<\/strong>\u00a0(Forum sur la Coop\u00e9ration Sino-Africaine), qui est au c\u0153ur de cette strat\u00e9gie \u00e9conomique.<\/p>\n\n\n\n<p>Ces livres ne se contentent pas d\u2019\u00e9num\u00e9rer des faits : ils proposent \u00e9galement des analyses approfondies sur ce qui a fonctionn\u00e9, ce qui n\u2019a pas fonctionn\u00e9, et pourquoi. Ils offrent des pistes de r\u00e9flexion pour un avenir plus \u00e9quilibr\u00e9 et prosp\u00e8re.<\/p>\n\n\n\n<h4 class=\"wp-block-heading\"><strong>Au-del\u00e0 de la Chine : une vision panafricaine<\/strong><\/h4>\n\n\n\n<p>Si la Chine est le point de d\u00e9part de cette collection, les ouvrages suivants aborderont \u00e9galement les relations de l\u2019Afrique avec l\u2019Occident et \u00e9tudieront le&nbsp;<strong>panafricanisme<\/strong>. Pour moi, le panafricanisme actuel est bien loin de sa conception originelle. Il manque cette r\u00e9sistance et cette unit\u00e9 dans la diversit\u00e9 que l\u2019on observe rarement dans les communaut\u00e9s noires, qui peinent souvent \u00e0 adopter les bonnes solutions et prendre de bonnes r\u00e9solutions, m\u00eame lorsqu\u2019elles sont connues et reconnues.<\/p>\n\n\n\n<p>Ces sujets n\u00e9cessitent d\u2019\u00eatre \u00e9tudi\u00e9s et mis par \u00e9crit, avec l\u2019espoir d\u2019\u00eatre entendus. Il a fallu pr\u00e8s de&nbsp;<strong>100 ans<\/strong>&nbsp;pour que le message du panafricanisme soit largement entendu sur le continent africain, m\u00eame si l\u2019\u00e9lite semble souvent r\u00e9ticente, car cette vision contrevient \u00e0 leurs positionnements individualistes et disconvient \u00e0 leurs privil\u00e8ges souvent acquis dans la douleur et le sacrifice.  <\/p>\n\n\n\n<h4 class=\"wp-block-heading\"><strong>Le frein majeur : l\u2019individualisme<\/strong><\/h4>\n\n\n\n<p>Ce qui freine le continent africain, ce sont avant tout les&nbsp;<strong>ambitions personnelles<\/strong>. Du&nbsp;<strong>Mansa Moussa<\/strong>&nbsp;\u00e0 une grande majorit\u00e9 de nos pr\u00e9sidents et leaders africains actuels, la part du collectif fait souvent d\u00e9faut face \u00e0 l\u2019\u00e9clat de l\u2019ego. Tant que le collectif, sous couvert d\u2019<strong>intelligence collective<\/strong>, ne sera pas revenu au c\u0153ur de la soci\u00e9t\u00e9 africaine, le continent subira de plein fouet la guerre \u00e9conomique que lui livre le reste du monde de mani\u00e8re m\u00e9thodique , intensive et collective.<\/p>\n\n\n\n<p><strong>Ubuntu<\/strong>&nbsp;ne doit pas \u00eatre qu\u2019un slogan, mais un&nbsp;<strong>art de la guerre<\/strong>. Vous d\u00e9couvrirez cette philosophie appliqu\u00e9e \u00e0 la strat\u00e9gie dans le&nbsp;<em><strong>Tome 5 &#8211; Comprendre le Panafricanisme  en Afrique , &nbsp;L\u2019Art du Mawonaj<\/strong>.<\/em><\/p>\n\n\n\n<hr class=\"wp-block-separator has-alpha-channel-opacity\"\/>\n\n\n\n<h3 class=\"wp-block-heading\"><strong>Restez connect\u00e9s avec les \u00c9ditions D\u00e9coloniser les Esprits<\/strong><\/h3>\n\n\n\n<p>Une initiative de&nbsp;<strong>Patrice Nzians\u00e9<\/strong>, les \u00c9ditions D\u00e9coloniser les Esprits ont pour ambition d\u2019\u00e9clairer une communaut\u00e9 qui a besoin de rep\u00e8res, d\u2019une vision claire et d\u2019objectifs atteignables.<\/p>\n\n\n\n<p>\ud83d\udc49&nbsp;<strong>D\u00e9couvrez d\u00e8s maintenant&nbsp;<em>Le Petit Manuel Africain de Guerre \u00c9conomique<\/em>&nbsp;et plongez dans une analyse approfondie des enjeux \u00e9conomiques, politiques et culturels de l\u2019Afrique.<\/strong><\/p>\n\n\n\n<p>\ud83d\udd17<a href=\"https:\/\/bit.ly\/4gxSZAV\" title=\"Les Editions D\u00e9coloniser Les Esprits \"> Les \u00c9ditions D\u00e9coloniser Les Esprits<\/a><br>#D\u00e9coloniserLesEsprits #Guerre\u00c9conomique #Panafricanisme #ChineEnAfrique #AfricaReloaded<\/p>\n\n\n\n<p><\/p>\n","protected":false},"excerpt":{"rendered":"<p>Africa Reloaded\u00a0est une plateforme m\u00e9diatique qui h\u00e9berge \u00e9galement ses propres \u00e9missions et \u00e9ditions,\u00a0D\u00e9coloniser les Esprits, avec la parution de sa premi\u00e8re collection :\u00a0Le Petit Manuel Africain de Guerre \u00c9conomique. Mais qu\u2019est-ce que cette collection ? L\u2019id\u00e9e d\u2019\u00e9crire une s\u00e9rie de&#8230;<\/p>\n","protected":false},"author":1,"featured_media":672,"parent":0,"menu_order":0,"comment_status":"closed","ping_status":"closed","template":"page-templates\/tmpl-one.php","meta":{"om_disable_all_campaigns":false,"_monsterinsights_skip_tracking":false,"_monsterinsights_sitenote_active":false,"_monsterinsights_sitenote_note":"","_monsterinsights_sitenote_category":0,"footnotes":""},"class_list":["post-802","page","type-page","status-publish","has-post-thumbnail","hentry"],"aioseo_notices":[],"jetpack_sharing_enabled":true,"_links":{"self":[{"href":"https:\/\/africareloaded.xyz\/index.php?rest_route=\/wp\/v2\/pages\/802","targetHints":{"allow":["GET"]}}],"collection":[{"href":"https:\/\/africareloaded.xyz\/index.php?rest_route=\/wp\/v2\/pages"}],"about":[{"href":"https:\/\/africareloaded.xyz\/index.php?rest_route=\/wp\/v2\/types\/page"}],"author":[{"embeddable":true,"href":"https:\/\/africareloaded.xyz\/index.php?rest_route=\/wp\/v2\/users\/1"}],"replies":[{"embeddable":true,"href":"https:\/\/africareloaded.xyz\/index.php?rest_route=%2Fwp%2Fv2%2Fcomments&post=802"}],"version-history":[{"count":5,"href":"https:\/\/africareloaded.xyz\/index.php?rest_route=\/wp\/v2\/pages\/802\/revisions"}],"predecessor-version":[{"id":834,"href":"https:\/\/africareloaded.xyz\/index.php?rest_route=\/wp\/v2\/pages\/802\/revisions\/834"}],"wp:featuredmedia":[{"embeddable":true,"href":"https:\/\/africareloaded.xyz\/index.php?rest_route=\/wp\/v2\/media\/672"}],"wp:attachment":[{"href":"https:\/\/africareloaded.xyz\/index.php?rest_route=%2Fwp%2Fv2%2Fmedia&parent=802"}],"curies":[{"name":"wp","href":"https:\/\/api.w.org\/{rel}","templated":true}]}}