{"id":51,"date":"2022-05-08T20:34:29","date_gmt":"2022-05-08T18:34:29","guid":{"rendered":"http:\/\/africareloaded.xyz\/?page_id=51"},"modified":"2025-01-30T14:30:02","modified_gmt":"2025-01-30T13:30:02","slug":"contact","status":"publish","type":"page","link":"https:\/\/africareloaded.xyz\/?page_id=51","title":{"rendered":"CONTACT"},"content":{"rendered":"<div id=\"fb-root\"><\/div>\n\n<p><strong>Patrice Nzians\u00e8 POGNON<\/strong><\/p>\n\n\n\n<p><strong>Ing\u00e9nieur en NTIC | Consultant en Intelligence Collective et Strat\u00e9gie d&rsquo;Entreprises | Entrepreneur Panafricain | Ecrivain et Observateur G\u00e9opolitique <\/strong><\/p>\n\n\n\n<p>Ing\u00e9nieur en NTIC ( Les <em>Nouvelles Technologies de l&rsquo;Information et de la Communication<\/em>)  , Patrice Nzians\u00e8 POGNON est d\u2019origine b\u00e9ninoise par son grand-p\u00e8re, togolaise par son p\u00e8re et guadeloup\u00e9enne par sa m\u00e8re. Form\u00e9 au&nbsp;<strong>CNAM de Paris<\/strong>, il est \u00e9galement titulaire d\u2019un&nbsp;<strong>MBA en Executive Management et Gestion de Projet<\/strong>. En 2014, il obtient un dipl\u00f4me en&nbsp;<strong>Intelligence \u00c9conomique et Industrielle<\/strong>&nbsp;dans le cadre du programme&nbsp;<strong>RINVINDAF (R\u00e9inventer les Industriels Africains de Demain)<\/strong>&nbsp;de l\u2019Institut d\u2019\u00c9tudes G\u00e9ostrat\u00e9giques de Gen\u00e8ve.<\/p>\n\n\n\n<p>Fort de ce parcours acad\u00e9mique et professionnel, Patrice Nzians\u00e8 s\u2019engage activement \u00e0 promouvoir une&nbsp;<strong>vision strat\u00e9gique novatrice<\/strong>&nbsp;pour le continent africain, ax\u00e9e sur l\u2019<strong>industrialisation<\/strong>, l\u2019<strong>entrepreneuriat<\/strong>&nbsp;et l\u2019int\u00e9gration des ressources d\u2019<strong>Intelligence Cr\u00e9ative \u00c9conomique et Collective du Monde Noir<\/strong>.<\/p>\n\n\n\n<h4 class=\"wp-block-heading\"><strong>Un acteur cl\u00e9 de la renaissance africaine<\/strong><\/h4>\n\n\n\n<p>Patrice Nzians\u00e8 est un&nbsp;<strong>entrepreneur<\/strong>,&nbsp;<strong>auteur<\/strong>&nbsp;et&nbsp;<strong>observateur g\u00e9opolitique et g\u00e9ostrat\u00e9gique<\/strong>. Il est le fondateur du m\u00e9dia&nbsp;<strong>Africa Reloaded<\/strong>, qui r\u00e9unit les \u00e9ditions&nbsp;<strong>D\u00e9coloniser les Esprits<\/strong>, une plateforme de cr\u00e9ation de contenu sous forme d\u2019ouvrages, d\u2019analyses \u00e9ditoriales et de podcasts.<\/p>\n\n\n\n<p>Il initie et porte le&nbsp;<strong>k\u00e9m\u00e9tisme<\/strong>&nbsp;et le&nbsp;<strong>panafricanisme<\/strong>&nbsp;\u00e0 un autre niveau, en les abordant sous l\u2019angle de l\u2019<strong>\u00e9conomie<\/strong>, de la&nbsp;<strong>g\u00e9opolitique<\/strong>&nbsp;et de la&nbsp;<strong>g\u00e9ostrat\u00e9gie<\/strong>. Depuis 2014, il publie r\u00e9guli\u00e8rement ses analyses sous forme de br\u00e8ves, chroniques, blogs et vlogs, offrant des propositions, une vision et des solutions pour un projet de&nbsp;<strong>renaissance africaine<\/strong>. Son approche consiste \u00e0 reconstruire un pass\u00e9 dissolu, comme un puzzle, pour inspirer un avenir prosp\u00e8re et uni.<\/p>\n\n\n\n<h4 class=\"wp-block-heading\"><strong>Expertise et accompagnement strat\u00e9gique<\/strong><\/h4>\n\n\n\n<p>En tant que&nbsp;<strong>consultant et expert en Datacenter Management &amp; Delivery<\/strong>, ainsi que&nbsp;<strong>Chef de projet AMOA (Product Owner)<\/strong>&nbsp;sp\u00e9cialis\u00e9 en planification et suivi op\u00e9rationnel de projets, Patrice Nzians\u00e8 a fond\u00e9 l\u2019incubateur et bureau d\u2019accompagnement&nbsp;<strong>Hi-LABZ InQubatorz<\/strong>. Cette structure vise \u00e0 penser et proposer des solutions innovantes dans les domaines de l\u2019<strong>Agritech<\/strong>, de la&nbsp;<strong>Foodtech<\/strong>, de la&nbsp;<strong>Digitech<\/strong>&nbsp;et de la&nbsp;<strong>Powertech<\/strong>, adapt\u00e9es aux r\u00e9alit\u00e9s du continent africain.<\/p>\n\n\n\n<p>Hi-LABZ InQubatorz d\u00e9veloppe des&nbsp;<strong>interconnexions<\/strong>&nbsp;et cr\u00e9e des&nbsp;<strong>synergies entrepreneuriales<\/strong>&nbsp;entre quatre p\u00f4les g\u00e9ographiques cl\u00e9s : l\u2019Afrique, l\u2019Asie, l\u2019Europe et les Cara\u00efbes fran\u00e7aises. L\u2019objectif est de cultiver un terreau fertile pour l\u2019<strong>innovation<\/strong>, l\u2019<strong>agriculture<\/strong>, le&nbsp;<strong>digital<\/strong>, la&nbsp;<strong>finance<\/strong>&nbsp;et le&nbsp;<strong>tourisme<\/strong>, en accompagnant les entrepreneurs africains dans leur d\u00e9veloppement et en les connectant \u00e0 des fournisseurs et partenaires internationaux.<\/p>\n\n\n\n<h4 class=\"wp-block-heading\"><strong>Une mission : connecter, inspirer et transformer<\/strong><\/h4>\n\n\n\n<p>Patrice Nzians\u00e8 se consacre \u00e0 accompagner, d\u00e9ployer et conseiller des entrepreneurs&nbsp;<strong>de  l&rsquo;industrie <\/strong> et du&nbsp;<strong>digital<\/strong>&nbsp;du continent africain, en les mettant en relation avec des fournisseurs et partenaires en Asie, en Europe, en Am\u00e9rique du Sud et dans les Cara\u00efbes. Sa mission est de&nbsp;<strong>faciliter les \u00e9changes<\/strong>, de&nbsp;<strong>cr\u00e9er des opportunit\u00e9s<\/strong>&nbsp;et de&nbsp;<strong>construire des ponts<\/strong>&nbsp;entre ces r\u00e9gions, tout en promouvant une \u00e9conomie inclusive et durable.<\/p>\n\n\n\n<h4 class=\"wp-block-heading\"><strong>Pourquoi le suivre ?<\/strong><\/h4>\n\n\n\n<p>Patrice Nzians\u00e8 incarne une voix unique et engag\u00e9e, alliant expertise technique, vision strat\u00e9gique et passion pour le d\u00e9veloppement de l\u2019Afrique et de sa diaspora. \u00c0 travers ses analyses, ses projets et ses initiatives, il propose des solutions concr\u00e8tes pour relever les d\u00e9fis du continent et inspirer une nouvelle g\u00e9n\u00e9ration d\u2019entrepreneurs et de leaders.<\/p>\n\n\n\n<p><strong>Rejoignez-le<\/strong>&nbsp;dans cette aventure pour d\u00e9couvrir des id\u00e9es novatrices, des strat\u00e9gies gagnantes et une vision inspirante pour l\u2019avenir de l\u2019Afrique et du Monde Noir.<\/p>\n\n\n\n<p><\/p>\n","protected":false},"excerpt":{"rendered":"<p>Patrice Nzians\u00e8 POGNON Ing\u00e9nieur en NTIC | Consultant en Intelligence Collective et Strat\u00e9gie d&rsquo;Entreprises | Entrepreneur Panafricain | Ecrivain et Observateur G\u00e9opolitique Ing\u00e9nieur en NTIC ( Les Nouvelles Technologies de l&rsquo;Information et de la Communication) , Patrice Nzians\u00e8 POGNON est&#8230;<\/p>\n","protected":false},"author":1,"featured_media":26,"parent":0,"menu_order":0,"comment_status":"closed","ping_status":"closed","template":"page-templates\/tmpl-one.php","meta":{"om_disable_all_campaigns":false,"_monsterinsights_skip_tracking":false,"_monsterinsights_sitenote_active":false,"_monsterinsights_sitenote_note":"","_monsterinsights_sitenote_category":0,"footnotes":""},"class_list":["post-51","page","type-page","status-publish","has-post-thumbnail","hentry"],"aioseo_notices":[],"jetpack_sharing_enabled":true,"_links":{"self":[{"href":"https:\/\/africareloaded.xyz\/index.php?rest_route=\/wp\/v2\/pages\/51","targetHints":{"allow":["GET"]}}],"collection":[{"href":"https:\/\/africareloaded.xyz\/index.php?rest_route=\/wp\/v2\/pages"}],"about":[{"href":"https:\/\/africareloaded.xyz\/index.php?rest_route=\/wp\/v2\/types\/page"}],"author":[{"embeddable":true,"href":"https:\/\/africareloaded.xyz\/index.php?rest_route=\/wp\/v2\/users\/1"}],"replies":[{"embeddable":true,"href":"https:\/\/africareloaded.xyz\/index.php?rest_route=%2Fwp%2Fv2%2Fcomments&post=51"}],"version-history":[{"count":11,"href":"https:\/\/africareloaded.xyz\/index.php?rest_route=\/wp\/v2\/pages\/51\/revisions"}],"predecessor-version":[{"id":652,"href":"https:\/\/africareloaded.xyz\/index.php?rest_route=\/wp\/v2\/pages\/51\/revisions\/652"}],"wp:featuredmedia":[{"embeddable":true,"href":"https:\/\/africareloaded.xyz\/index.php?rest_route=\/wp\/v2\/media\/26"}],"wp:attachment":[{"href":"https:\/\/africareloaded.xyz\/index.php?rest_route=%2Fwp%2Fv2%2Fmedia&parent=51"}],"curies":[{"name":"wp","href":"https:\/\/api.w.org\/{rel}","templated":true}]}}